{"id":612,"date":"2020-01-23T19:19:09","date_gmt":"2020-01-23T18:19:09","guid":{"rendered":"https:\/\/www.riberarun.com\/discover-penafiel\/"},"modified":"2020-01-23T19:19:10","modified_gmt":"2020-01-23T18:19:10","slug":"discover-penafiel","status":"publish","type":"page","link":"https:\/\/www.riberarun.com\/en\/discover-penafiel\/","title":{"rendered":"Discover Pe\u00f1afiel"},"content":{"rendered":"\t\t<div data-elementor-type=\"wp-page\" data-elementor-id=\"612\" class=\"elementor elementor-612 elementor-48\" data-elementor-post-type=\"page\">\n\t\t\t\t\t\t<section class=\"elementor-section elementor-top-section elementor-element elementor-element-20c343a elementor-section-content-space-evenly elementor-section-boxed elementor-section-height-default elementor-section-height-default\" data-id=\"20c343a\" data-element_type=\"section\" data-e-type=\"section\" data-settings=\"{&quot;background_background&quot;:&quot;classic&quot;,&quot;background_image&quot;:{&quot;url&quot;:&quot;https:\\\/\\\/www.riberarun.com\\\/wp-content\\\/uploads\\\/2020\\\/01\\\/RRE_ESP_DW55.jpg&quot;,&quot;id&quot;:275,&quot;size&quot;:&quot;&quot;},&quot;shape_divider_top&quot;:&quot;opacity-tilt&quot;,&quot;shape_divider_bottom&quot;:&quot;opacity-tilt&quot;}\">\n\t\t\t\t\t<div class=\"elementor-shape elementor-shape-top\" aria-hidden=\"true\" data-negative=\"false\">\n\t\t\t<svg xmlns=\"http:\/\/www.w3.org\/2000\/svg\" viewBox=\"0 0 2600 131.1\" preserveAspectRatio=\"none\">\n\t<path class=\"elementor-shape-fill\" d=\"M0 0L2600 0 2600 69.1 0 0z\"\/>\n\t<path class=\"elementor-shape-fill\" style=\"opacity:0.5\" d=\"M0 0L2600 0 2600 69.1 0 69.1z\"\/>\n\t<path class=\"elementor-shape-fill\" style=\"opacity:0.25\" d=\"M2600 0L0 0 0 130.1 2600 69.1z\"\/>\n<\/svg>\t\t<\/div>\n\t\t\t\t<div class=\"elementor-shape elementor-shape-bottom\" aria-hidden=\"true\" data-negative=\"false\">\n\t\t\t<svg xmlns=\"http:\/\/www.w3.org\/2000\/svg\" viewBox=\"0 0 2600 131.1\" preserveAspectRatio=\"none\">\n\t<path class=\"elementor-shape-fill\" d=\"M0 0L2600 0 2600 69.1 0 0z\"\/>\n\t<path class=\"elementor-shape-fill\" style=\"opacity:0.5\" d=\"M0 0L2600 0 2600 69.1 0 69.1z\"\/>\n\t<path class=\"elementor-shape-fill\" style=\"opacity:0.25\" d=\"M2600 0L0 0 0 130.1 2600 69.1z\"\/>\n<\/svg>\t\t<\/div>\n\t\t\t\t\t<div class=\"elementor-container elementor-column-gap-default\">\n\t\t\t\t\t<div class=\"elementor-column elementor-col-100 elementor-top-column elementor-element elementor-element-e7fa529\" data-id=\"e7fa529\" data-element_type=\"column\" data-e-type=\"column\">\n\t\t\t<div class=\"elementor-widget-wrap elementor-element-populated\">\n\t\t\t\t\t\t<div class=\"elementor-element elementor-element-e8719b1 elementor-view-framed elementor-shape-circle elementor-invisible elementor-widget elementor-widget-icon\" data-id=\"e8719b1\" data-element_type=\"widget\" data-e-type=\"widget\" data-settings=\"{&quot;_animation&quot;:&quot;fadeInUp&quot;}\" data-widget_type=\"icon.default\">\n\t\t\t\t<div class=\"elementor-widget-container\">\n\t\t\t\t\t\t\t<div class=\"elementor-icon-wrapper\">\n\t\t\t<div class=\"elementor-icon\">\n\t\t\t<svg xmlns=\"http:\/\/www.w3.org\/2000\/svg\" xmlns:xlink=\"http:\/\/www.w3.org\/1999\/xlink\" xmlns:serif=\"http:\/\/www.serif.com\/\" width=\"100%\" height=\"100%\" viewBox=\"0 0 512 512\" xml:space=\"preserve\" style=\"fill-rule:evenodd;clip-rule:evenodd;stroke-linejoin:round;stroke-miterlimit:2;\"><path d=\"M504,291.096l0,-11.096c0,-3.552 -0.72,-81.544 -55.744,-113.128c14.472,-16.824 23.744,-37.848 23.744,-62.872c0,-9.648 -6.392,-24 -24,-24c-17.608,0 -24,14.352 -24,24c0,2.4 -0.248,4.712 -0.616,6.976c-1.872,-15.568 -7.512,-32.648 -7.8,-33.504l-2.808,-8.416l-16.88,7.64c-13.496,-44.96 -63.016,-67.048 -65.264,-68.024l-6.184,-2.704l-3.704,5.656c-1.24,1.896 -27.152,42.144 -14.488,76.376l-21.296,0l7.944,24.248c-1.624,-0.12 -3.248,-0.248 -4.904,-0.248c-2.792,0 -5.544,0.216 -8.256,0.608c-2.288,-34.928 -20.664,-72.08 -53.808,-80.368c-13.84,-3.464 -24.576,-1.6 -32.456,1.88c-12.184,-6.296 -26.856,-10.12 -41.48,-10.12c-31.728,0 -50.288,21.872 -58.648,41.528c-16.144,5.152 -34.024,18.4 -44.704,43.32l14.704,6.304c6.296,-14.688 15.464,-24.232 24.76,-29.816c-0.072,0.936 -0.112,1.824 -0.112,2.664c0,16.456 9.232,24.504 17.88,26.544c11.328,2.672 23.608,-3.632 29.272,-14.968c6.256,-12.512 2.464,-21.248 -0.36,-25.336c-4.488,-6.512 -12.48,-10.464 -22.176,-11.184c7.312,-11.856 19.8,-23.056 39.384,-23.056c9.424,0 18.584,1.96 26.656,5.08c-6.624,7.632 -10.656,17.544 -10.656,26.92c0,11.704 7.36,22.624 18.304,27.16c9.68,4.008 19.896,1.952 27.352,-5.504c9.504,-9.504 12.072,-21.176 7.224,-32.872c-2.12,-5.12 -5.576,-9.96 -10.032,-14.344c3.504,-0.096 7.28,0.344 11.208,1.328c26.44,6.608 41.016,40.216 41.856,69.56c-10.344,4.776 -19.432,12.6 -26.352,22.976c-10.864,-7.952 -23.936,-12.304 -37.56,-12.304c-35.288,0 -64,28.712 -64,64l0,2.4c-23.248,6.976 -40,28.712 -40,53.456c0,9.72 2.56,19.112 7.256,27.392c-18.216,6.76 -31.256,24.112 -31.256,44.16c0,6.04 0.984,11.696 2.8,16.88c-24.032,2.608 -42.8,23 -42.8,47.712c0,9.744 2.888,18.96 8.136,26.752c-18.68,6.568 -32.136,24.344 -32.136,45.248c0,26.472 21.528,48 48,48c18.304,0 34.376,-10.352 42.456,-25.904c8.328,6.296 18.544,9.904 29.224,9.904c18.712,0 34.944,-10.648 42.968,-26.144c8.344,6.448 18.664,10.144 29.352,10.144c21.936,0 40.432,-14.8 46.144,-34.928c10.264,11.576 25.2,18.928 41.856,18.928c28.96,0 52.856,-22.104 55.712,-50.328c9.136,6.48 20.264,10.328 32.288,10.328c30.872,0 56,-25.12 56,-56l0,-11.888c8.24,-6.096 28.72,-22.776 40.104,-45.312c8.824,7.136 15.896,16.488 15.896,25.2c0,7.016 -1.384,12.672 -3.472,17.112c-0.536,-0.904 -1.12,-1.736 -1.72,-2.496c-5.36,-6.688 -14.544,-9.24 -22.888,-6.32c-7.24,2.544 -11.92,8.704 -11.92,15.704c0,12.952 8.408,22.016 20.464,22.072c-2.208,5.736 -5.744,12.88 -11.24,21.688l13.56,8.48c9.736,-15.568 14.544,-27.688 16.32,-37.112c9.632,-7.632 16.896,-21.24 16.896,-39.128c0,-16.12 -11.928,-30.92 -26.04,-40.832c0.368,-1.456 0.784,-2.904 1.056,-4.4l24.984,8.328Zm-382.376,-207.784c1.808,2.624 0.568,6.4 -0.784,9.112c-2.672,5.344 -7.816,7.368 -11.28,6.552c-5.024,-1.184 -5.56,-8.072 -5.56,-10.976c0,-2.024 0.48,-5.144 1.52,-8.84c0.192,-0.024 0.4,-0.04 0.592,-0.064c8.184,-0.792 13.664,1.544 15.512,4.216Zm80.72,-0.968c-2.88,2.872 -6.208,3.56 -9.912,2.032c-4.192,-1.736 -8.432,-6.544 -8.432,-12.376c0,-5.6 2.928,-13.536 9.44,-19.128c6.184,4.336 10.696,9.288 12.664,14.04c2.328,5.632 1.136,10.536 -3.76,15.432Zm266.224,275.728c-1.488,0 -4.568,0 -4.616,-5.888c0.184,-0.312 1.344,-1.072 3.008,-1.072l0.12,0c1.688,0.032 2.944,0.8 3.744,2.272c0.288,0.536 0.832,1.832 1.008,4.12c-1.176,0.384 -2.28,0.568 -3.264,0.568Zm-28.568,-253.976c0.096,-3.696 1.552,-8.096 8,-8.096c6.448,0 7.904,4.4 8,8c0,62.392 -66.08,91.2 -109.248,95.424c2.352,-5.096 3.928,-10.456 4.688,-15.984c31.424,-3.904 88.56,-30.768 88.56,-79.344Zm-206.944,285.168c-6.6,-6.336 -14.808,-10.592 -23.856,-12.304c-5.872,-7.024 -9.2,-15.824 -9.2,-25.152c0,-2.536 0.208,-4.864 0.672,-7.12c3.4,-18.936 19.936,-32.688 39.328,-32.688c2.192,0 4.112,0.144 6.024,0.472c16.992,2.528 30.304,15.84 33.32,32.264c-23.248,3.632 -41.808,21.56 -46.288,44.528Zm-75.688,12.944c-0.24,-0.192 -0.44,-0.408 -0.688,-0.6c-8.248,-6.208 -18.384,-9.376 -28.68,-9.424l0,-8.184c0,-8.848 -2.448,-17.12 -6.64,-24.24c6.184,-8.96 18.992,-15.76 30.64,-15.76c1.12,0 2.224,0.048 3.688,0.264c16.144,1.776 28.312,15.056 28.312,30.888c0,1.392 -0.272,2.56 -0.44,3.824c-11.352,4.176 -20.696,12.568 -26.192,23.232Zm42.632,-146.208c7.264,0 14.328,1.952 20.456,5.664c10.488,6.28 17.432,16.704 19.112,28.96c0.288,1.616 0.432,3.376 0.432,5.376c-26.976,0 -49.984,19.064 -54.912,45.2c-5.184,-4.888 -11.368,-8.744 -18.4,-10.928c0.6,-2.576 1,-5.176 1.12,-7.792c0.192,-1.216 0.192,-2.304 0.192,-3.072c0,-9.288 -2.776,-18.032 -7.776,-25.624c1.176,-21.008 18.48,-37.784 39.776,-37.784Zm32,-8c0,-1.56 0.056,-3.064 0.264,-4.656c1.312,-11.016 6.92,-20.72 15.912,-27.416c2.856,-2.216 6.04,-3.968 9.632,-5.288c4.392,-1.728 9.304,-2.64 14.192,-2.64c14.816,0 28.352,8.128 35.344,21.224c3.096,5.76 4.656,12.072 4.656,18.776l0,10.448c-16.496,4.904 -29.912,17.104 -36.144,33.192c-1.872,4.64 -3.056,9.56 -3.56,14.664c-4.904,-3.488 -10.392,-6.176 -16.296,-7.928l0,-2.376c0,-2.976 -0.224,-5.664 -0.632,-7.88c-2.096,-15.36 -10.52,-28.896 -23.176,-37.8c-0.056,-0.784 -0.192,-1.456 -0.192,-2.32Zm93.344,-16.768c-0.528,-1.68 -1.104,-3.328 -1.784,-4.944c1.256,-0.872 2.376,-1.832 3.56,-2.76c-0.648,2.576 -1.232,5.144 -1.776,7.704Zm-4.592,120.032c-18.6,-3.424 -32.752,-19.688 -32.752,-39.264c0,-5.096 0.904,-9.928 2.744,-14.472c4.728,-12.224 15.144,-21.344 27.872,-24.392c0.52,-0.128 1.056,-0.184 1.584,-0.288c-0.184,4.072 -0.2,6.72 -0.2,7.152l0,12.944l31.472,-15.736c0.52,11.136 3.448,20.848 7.88,29.32c-20.072,6.264 -35.264,23.56 -38.6,44.736Zm-13.712,-247.264l28.368,0l-9.392,-12.744c-15.448,-20.968 -2.296,-51.664 4.568,-64.68c13.928,7.696 46.304,28.952 51.832,62.72l1.688,10.296l18.856,-8.528c2.208,7.984 5.04,20.008 5.04,28.936l0,18.976c-11.232,11.232 -26.544,19.264 -40.128,23.976c1.552,-3.608 3.08,-7.608 4.384,-11.896l25.4,-25.4l-11.312,-11.312l-10.464,10.464c-1.248,-24.952 -16.536,-48.232 -17.224,-49.248l-13.312,8.872c0.136,0.192 11.64,17.696 14.152,36.6c-6.216,-5.248 -11.52,-7.992 -11.92,-8.192l-7.16,14.312c0.112,0.056 10.488,5.464 17.544,15.608c-1.928,7.52 -4.88,14.416 -7.464,19.592c-4.608,-21.096 -19.64,-38.288 -39.408,-45.976l-4.048,-12.376Zm-19.04,24c26.472,0 48,21.528 48,48c0,13.976 -7.664,27.176 -20.784,36.552c-10.528,-12.824 -26.232,-20.552 -43.216,-20.552c-2.68,0 -5.36,0.256 -8,0.64l0,-0.64c0,-14.848 -5.264,-29.144 -14.536,-40.432c8.984,-14.992 22.768,-23.568 38.536,-23.568Zm-88,16c12.088,0 23.624,4.528 32.52,12.784c9.84,8.992 15.48,21.824 15.48,35.216l0,5.568c-3.376,1.584 -6.624,3.392 -9.496,5.616c-12.248,9.12 -20.32,23.064 -22.12,38.168c-0.048,0.376 -0.032,0.776 -0.064,1.152c-2.896,-0.888 -5.84,-1.6 -8.864,-2.008c-3.624,-27.32 -27.088,-48.496 -55.456,-48.496c0,-26.472 21.528,-48 48,-48Zm-53.968,64.448c1.816,-0.296 3.776,-0.448 5.968,-0.448c19.616,0 35.896,14.16 39.28,32.752c-21.36,3.36 -38.752,18.792 -44.888,39.112c-7.648,-4.968 -16.68,-7.76 -25.976,-7.84c-5.352,-6.896 -8.416,-15.304 -8.416,-24.168c0,-19.512 14.584,-36.448 34.032,-39.408Zm-28.456,79.712c0.776,-0.112 1.592,-0.16 2.424,-0.16c10.024,0 19.608,4.712 25.664,12.648c4.144,5.384 6.336,11.872 6.368,19.256l-0.176,1.448c-0.08,2.24 -0.544,4.504 -1.184,6.752c-15.08,0.432 -30.376,8.104 -39.776,19.216c-5.008,-4.224 -10.88,-7.432 -17.32,-9.336c-3.608,-4.904 -5.576,-11.256 -5.576,-18.576c0,-16.176 12.792,-29.88 29.576,-31.248Zm-37.576,63.84c17.648,0 32,14.352 32,32l0,10.808c-3.992,1.336 -7.896,3.072 -11.544,5.472c-1.16,0.824 -2.232,1.64 -3.752,2.808c-4.92,4.16 -8.808,9.232 -11.728,14.768c-7.392,-5.608 -16.28,-9 -25.656,-9.656c-7.136,-6.096 -11.32,-14.736 -11.32,-24.2c0,-17.648 14.352,-32 32,-32Zm7.488,109.704c-2.736,15.24 -15.984,26.296 -31.488,26.296c-17.648,0 -32,-14.352 -32,-32c0,-17.648 14.352,-32 32,-32c10.336,0 20.104,5.048 26.112,13.496c3.848,5.456 5.888,11.848 5.888,18.504c0,1.8 -0.176,3.736 -0.512,5.704Zm40.192,10.296c-9.256,0 -18.032,-3.976 -24.144,-10.76c0.192,-1.768 0.464,-3.568 0.464,-5.24c0,-8.92 -2.568,-17.464 -7.208,-25.032c1.784,-5.96 5.24,-11.424 10.032,-15.48c0.944,-0.72 1.896,-1.44 2.672,-2c11.488,-7.552 27,-7.048 37.552,0.896c2.488,1.88 4.632,4.008 6.536,6.48c4.2,5.488 6.416,12.104 6.416,19.136c0,17.648 -14.496,32 -32.32,32Zm72.32,-16c-9.336,0 -18.176,-4.296 -24.24,-11.368c0.152,-1.528 0.24,-3.072 0.24,-4.632c0,-8.744 -2.424,-17.032 -6.824,-24.368c3.072,-11.248 12.184,-20.152 23.72,-22.832c3.04,-0.76 6.728,-1.168 10.408,-0.576l0.872,0.096c8.296,1.024 15.704,5.208 20.928,11.872c4.512,5.64 6.896,12.488 6.896,19.808c0,17.648 -14.352,32 -32,32Zm88,-16c-22.056,0 -40,-17.944 -40,-40c0,-22.056 17.944,-40 40,-40c22.056,0 40,17.944 40,40c0,22.056 -17.944,40 -40,40Zm88,-40c-22.056,0 -40,-17.944 -40,-40c0,-19.672 14.304,-35.976 33.04,-39.296c13.504,15.576 32.208,25.008 46.96,29.432l0,9.864c0,22.056 -17.944,40 -40,40Zm46.384,-64.68c-13.344,-3.832 -60.608,-20.992 -54.448,-70.328l1.848,-14.832l-33.184,16.6c0.936,-12.968 3.424,-33.28 9.64,-51.168c10.352,-0.792 21.184,-2.784 31.976,-5.912l-9.376,18.744l14.312,7.16l10.384,-20.768c5.944,9.128 11.488,21.8 15.592,36.872c-8.56,9.832 -15.88,31.264 -16.712,33.784l15.168,5.064c1.432,-4.288 3.728,-10.28 6.28,-15.808c1.344,9.296 2.136,19.104 2.136,29.272l16,0c0,-27.36 -5,-51.768 -12.136,-71.192c7.504,0.864 17.136,2.64 24.56,6.352l7.16,-14.312c-13.192,-6.592 -30.672,-8.272 -38.912,-8.696c-3.136,-6.136 -6.448,-11.4 -9.8,-15.752c12.112,-5.704 23.576,-12.944 33.576,-21.68c38.76,19.52 48.408,67.816 50.784,89.928l-23.232,-7.744l0,11.096c0,29.928 -31.832,56.008 -41.616,63.32Z\" style=\"fill:#fff;fill-rule:nonzero;\"><\/path><\/svg>\t\t\t<\/div>\n\t\t<\/div>\n\t\t\t\t\t\t<\/div>\n\t\t\t\t<\/div>\n\t\t\t\t<div class=\"elementor-element elementor-element-3a4d4f2 uael-heading-align-center elementor-invisible elementor-widget elementor-widget-uael-advanced-heading\" data-id=\"3a4d4f2\" data-element_type=\"widget\" data-e-type=\"widget\" data-settings=\"{&quot;_animation&quot;:&quot;fadeInUp&quot;}\" data-widget_type=\"uael-advanced-heading.default\">\n\t\t\t\t<div class=\"elementor-widget-container\">\n\t\t\t\t\t\n\t\t<div class=\"uael-module-content uael-heading-wrapper\">\n\t\t\t\t\t\t\n\t\t\t<h1 class=\"uael-heading\">\n\t\t\t\t\t\t\t\t\t\t<span class=\"uael-heading-text elementor-inline-editing uael-size--default\" data-elementor-setting-key=\"heading_title\" data-elementor-inline-editing-toolbar=\"basic\">DISCOVER PE\u00d1AFIEL<\/span>\n\t\t\t\t\t\t\t<\/h1>\n\n\t\t\t\t\t\t\t<div class=\"uael-sub-heading elementor-inline-editing\" data-elementor-setting-key=\"sub_heading\" data-elementor-inline-editing-toolbar=\"advanced\" >RIBERA RUN EXPERIENCE AND ITS ENVIRONMENT<\/div>\n\t\t\t\n\t\t\t\n\t\t\t\n\t\t\t\t\t\t<\/div>\n\t\t\t\t\t\t<\/div>\n\t\t\t\t<\/div>\n\t\t\t\t\t<\/div>\n\t\t<\/div>\n\t\t\t\t\t<\/div>\n\t\t<\/section>\n\t\t\t\t<section class=\"elementor-section elementor-top-section elementor-element elementor-element-2badd27 elementor-reverse-tablet elementor-reverse-mobile elementor-section-boxed elementor-section-height-default elementor-section-height-default\" data-id=\"2badd27\" data-element_type=\"section\" data-e-type=\"section\">\n\t\t\t\t\t\t<div class=\"elementor-container elementor-column-gap-wide\">\n\t\t\t\t\t<div class=\"elementor-column elementor-col-50 elementor-top-column elementor-element elementor-element-2d4032f\" data-id=\"2d4032f\" data-element_type=\"column\" data-e-type=\"column\">\n\t\t\t<div class=\"elementor-widget-wrap elementor-element-populated\">\n\t\t\t\t\t\t<div class=\"elementor-element elementor-element-9e70ec5 elementor-invisible elementor-widget elementor-widget-gallery-slider\" data-id=\"9e70ec5\" data-element_type=\"widget\" data-e-type=\"widget\" data-settings=\"{&quot;effect&quot;:&quot;fade&quot;,&quot;_animation&quot;:&quot;fadeInLeft&quot;,&quot;direction&quot;:&quot;ltr&quot;,&quot;infinite&quot;:&quot;yes&quot;,&quot;speed&quot;:1000,&quot;resistance&quot;:{&quot;unit&quot;:&quot;px&quot;,&quot;size&quot;:0.25,&quot;sizes&quot;:[]},&quot;adaptive_height&quot;:&quot;yes&quot;}\" data-widget_type=\"gallery-slider.default\">\n\t\t\t\t<div class=\"elementor-widget-container\">\n\t\t\t\t\t<div class=\"ee-gallery-slider\">\n\t\t\t<div class=\"ee-gallery-slider__preview ee-swiper\" dir=\"ltr\">\n\t\t\t<div class=\"ee-gallery-slider__slider-wrapper\">\n\t\t\t\t<div class=\"ee-swiper__container swiper ee-gallery-slider__slider ee-media-align--bottom ee-media-align--justify ee-media-effect__content--\">\n\t\t\t\t\t<div class=\"swiper-wrapper ee-swiper__wrapper\">\n\t\t\t\t\t\t<div class=\"ee-slider__slide ee-swiper__slide swiper-slide\">\n\t\t\t\t<figure class=\"ee-media ee-slider__media ee-swiper__slide__media\">\n\t\t\t\t\t<div class=\"ee-media__wrapper ee-slider__media-wrapper\">\n\t\t\t\t\t\t<div class=\"ee-media__thumbnail ee-slider__media__thumbnail\">\n\t\t\t\t\t\t\t<img decoding=\"async\" alt=\"Ribera Run Experience 02 \u00a9 Pablobar\" src=\"https:\/\/www.riberarun.com\/wp-content\/uploads\/2020\/01\/pablobar_0311.jpg\" class=\"ee-media__thumbnail__image\" title=\"|\u00a0Ribera Run Experience\">\n\t\t\t\t\t\t<\/div>\n\t\t\t\t\t\t\t\t\t\t\t<\/div>\n\t\t\t\t<\/figure>\n\t\t\t<\/div><div class=\"ee-slider__slide ee-swiper__slide swiper-slide\">\n\t\t\t\t<figure class=\"ee-media ee-slider__media ee-swiper__slide__media\">\n\t\t\t\t\t<div class=\"ee-media__wrapper ee-slider__media-wrapper\">\n\t\t\t\t\t\t<div class=\"ee-media__thumbnail ee-slider__media__thumbnail\">\n\t\t\t\t\t\t\t<img decoding=\"async\" alt=\"Pe\u00f1afiel Ribera Run Experience\" src=\"https:\/\/www.riberarun.com\/wp-content\/uploads\/2020\/01\/penafiel.jpeg\" class=\"ee-media__thumbnail__image\" title=\"|\u00a0Ribera Run Experience\">\n\t\t\t\t\t\t<\/div>\n\t\t\t\t\t\t\t\t\t\t\t<\/div>\n\t\t\t\t<\/figure>\n\t\t\t<\/div><div class=\"ee-slider__slide ee-swiper__slide swiper-slide\">\n\t\t\t\t<figure class=\"ee-media ee-slider__media ee-swiper__slide__media\">\n\t\t\t\t\t<div class=\"ee-media__wrapper ee-slider__media-wrapper\">\n\t\t\t\t\t\t<div class=\"ee-media__thumbnail ee-slider__media__thumbnail\">\n\t\t\t\t\t\t\t<img decoding=\"async\" alt=\"Ribera Run Experience 04 \u00a9 Diego Winiztky\" src=\"https:\/\/www.riberarun.com\/wp-content\/uploads\/2020\/01\/RRR_DW101.jpg\" class=\"ee-media__thumbnail__image\" title=\"|\u00a0Ribera Run Experience\">\n\t\t\t\t\t\t<\/div>\n\t\t\t\t\t\t\t\t\t\t\t<\/div>\n\t\t\t\t<\/figure>\n\t\t\t<\/div>\t\t\t\t\t<\/div>\n\t\t\t\t<\/div><\/div><\/div>\t\t\t\n\t\t<\/div>\t\t\t\t<\/div>\n\t\t\t\t<\/div>\n\t\t\t\t\t<\/div>\n\t\t<\/div>\n\t\t\t\t<div class=\"elementor-column elementor-col-50 elementor-top-column elementor-element elementor-element-516086b\" data-id=\"516086b\" data-element_type=\"column\" data-e-type=\"column\">\n\t\t\t<div class=\"elementor-widget-wrap elementor-element-populated\">\n\t\t\t\t\t\t<div class=\"elementor-element elementor-element-a3865ed uael-heading-align-center elementor-invisible elementor-widget elementor-widget-uael-advanced-heading\" data-id=\"a3865ed\" data-element_type=\"widget\" data-e-type=\"widget\" data-settings=\"{&quot;_animation&quot;:&quot;fadeInRight&quot;}\" data-widget_type=\"uael-advanced-heading.default\">\n\t\t\t\t<div class=\"elementor-widget-container\">\n\t\t\t\t\t\n\t\t<div class=\"uael-module-content uael-heading-wrapper\">\n\t\t\t\t\t\t\n\t\t\t<h2 class=\"uael-heading\">\n\t\t\t\t\t\t\t\t\t\t<span class=\"uael-heading-text elementor-inline-editing uael-size--default\" data-elementor-setting-key=\"heading_title\" data-elementor-inline-editing-toolbar=\"basic\">Pe\u00f1afiel<\/span>\n\t\t\t\t\t\t\t<\/h2>\n\n\t\t\t\n\t\t\t\t\t\t<div class=\"uael-module-content uael-separator-parent\">\n\t\t\t\t\t\t\t\t<div class=\"uael-separator-wrap\">\n\t\t\t\t\t<div class=\"uael-separator-line uael-side-left\">\n\t\t\t\t\t\t<span><\/span>\n\t\t\t\t\t<\/div>\n\t\t\t\t\t<div class=\"uael-divider-content\">\n\t\t\t\t\t\t\t\t\t<div class=\"uael-module-content uael-imgicon-wrap elementor-animation-\">\t\t\t\t\t\t\t\t\t\t\t\t\t\t\t<div class=\"uael-icon-wrap\">\n\t\t\t\t\t\t\t\t<span class=\"uael-icon\">\n\t\t\t\t\t\t\t\t\t<svg xmlns=\"http:\/\/www.w3.org\/2000\/svg\" xmlns:xlink=\"http:\/\/www.w3.org\/1999\/xlink\" xmlns:serif=\"http:\/\/www.serif.com\/\" width=\"100%\" height=\"100%\" viewBox=\"0 0 25 30\" xml:space=\"preserve\" style=\"fill-rule:evenodd;clip-rule:evenodd;stroke-linejoin:round;stroke-miterlimit:2;\"><path d=\"M23,6l0,3l-3,0l0,-3l-4,0l0,3l-1,0l0,-5l4,0l0,-4l-6,0l0,9l-1,0l0,-3l-4,0l0,3l-3,0l0,-3l-2,0l0,6l1,0l0,6l-4,2l0,10l3,0l0,-5l4,0l0,5l17,0l0,-18l1,0l0,-3l0,-3l-2,0Zm-9,14l-3,0l0,-2.5c0,-0.828 0.672,-1.5 1.5,-1.5c0.829,0 1.5,0.672 1.5,1.5l0,2.5Zm7,0l-3,0l0,-2.5c0,-0.828 0.672,-1.5 1.5,-1.5c0.828,0 1.5,0.672 1.5,1.5l0,2.5Z\" style=\"fill:#7b7b7b;fill-rule:nonzero;\"><\/path><\/svg>\n\t\t\t\t\t\t\t\t<\/span>\n\t\t\t\t\t\t\t<\/div>\n\t\t\t\t\t\t\t\n\t\t\t\t\t\t\t\t\t\t\t<\/div>\n\t\t\t\t\t\t\t\t\t\n\t\t\t\t\t<\/div>\n\t\t\t\t\t<div class=\"uael-separator-line uael-side-right\">\n\t\t\t\t\t\t<span><\/span>\n\t\t\t\t\t<\/div>\n\t\t\t\t<\/div>\n\t\t\t\t\t\t\t\t\t\t<\/div>\n\t\t\t\n\t\t\t\t\t\t\t<div class=\"uael-subheading elementor-inline-editing\" data-elementor-setting-key=\"heading_description\" data-elementor-inline-editing-toolbar=\"advanced\" >\n\t\t\t\t\tWhen someone hears about Pe\u00f1afiel, the subconscious moves him into the world of wine. Bottles, barrels and wineries take over the mind of the traveler, but visiting Pe\u00f1afiel is much more than putting your feet on the cradle of the Ribera del Duero. <br>Visiting Pe\u00f1afiel is to travel into the past without using a time machine; is to open the palate to the flavors of yesterday, today and tomorrow; is to know in first person the culture, art and tradition forged over the centuries. It is, in short, to look back from the side, as you walk to the front with firm pace.\t\t\t\t<\/div>\n\t\t\t\t\n\t\t\t\t\t\t<\/div>\n\t\t\t\t\t\t<\/div>\n\t\t\t\t<\/div>\n\t\t\t\t<div class=\"elementor-element elementor-element-df7540d elementor-align-center elementor-invisible elementor-widget elementor-widget-button\" data-id=\"df7540d\" data-element_type=\"widget\" data-e-type=\"widget\" data-settings=\"{&quot;_animation&quot;:&quot;fadeInRight&quot;}\" data-widget_type=\"button.default\">\n\t\t\t\t<div class=\"elementor-widget-container\">\n\t\t\t\t\t\t\t\t\t<div class=\"elementor-button-wrapper\">\n\t\t\t\t\t<a class=\"elementor-button elementor-button-link elementor-size-lg\" href=\"http:\/\/www.turismopenafiel.com\/index.php?lang=es\" target=\"_blank\" rel=\"noopener\">\n\t\t\t\t\t\t<span class=\"elementor-button-content-wrapper\">\n\t\t\t\t\t\t<span class=\"elementor-button-icon\">\n\t\t\t\t<svg aria-hidden=\"true\" class=\"e-font-icon-svg e-fas-info-circle\" viewBox=\"0 0 512 512\" xmlns=\"http:\/\/www.w3.org\/2000\/svg\"><path d=\"M256 8C119.043 8 8 119.083 8 256c0 136.997 111.043 248 248 248s248-111.003 248-248C504 119.083 392.957 8 256 8zm0 110c23.196 0 42 18.804 42 42s-18.804 42-42 42-42-18.804-42-42 18.804-42 42-42zm56 254c0 6.627-5.373 12-12 12h-88c-6.627 0-12-5.373-12-12v-24c0-6.627 5.373-12 12-12h12v-64h-12c-6.627 0-12-5.373-12-12v-24c0-6.627 5.373-12 12-12h64c6.627 0 12 5.373 12 12v100h12c6.627 0 12 5.373 12 12v24z\"><\/path><\/svg>\t\t\t<\/span>\n\t\t\t\t\t\t\t\t\t<span class=\"elementor-button-text\">FIND OUT MORE<\/span>\n\t\t\t\t\t<\/span>\n\t\t\t\t\t<\/a>\n\t\t\t\t<\/div>\n\t\t\t\t\t\t\t\t<\/div>\n\t\t\t\t<\/div>\n\t\t\t\t\t<\/div>\n\t\t<\/div>\n\t\t\t\t\t<\/div>\n\t\t<\/section>\n\t\t\t\t<\/div>\n\t\t","protected":false},"excerpt":{"rendered":"<p>DISCOVER PE\u00d1AFIEL RIBERA RUN EXPERIENCE AND ITS ENVIRONMENT Pe\u00f1afiel When someone hears about Pe\u00f1afiel, the subconscious moves him into the world of wine. Bottles, barrels and wineries take over the mind of the traveler, but visiting Pe\u00f1afiel is much more than putting your feet on the cradle of the Ribera del Duero. Visiting Pe\u00f1afiel is [&hellip;]<\/p>\n","protected":false},"author":1,"featured_media":0,"parent":0,"menu_order":2,"comment_status":"closed","ping_status":"closed","template":"elementor_header_footer","meta":{"footnotes":""},"class_list":["post-612","page","type-page","status-publish","hentry"],"_links":{"self":[{"href":"https:\/\/www.riberarun.com\/en\/wp-json\/wp\/v2\/pages\/612","targetHints":{"allow":["GET"]}}],"collection":[{"href":"https:\/\/www.riberarun.com\/en\/wp-json\/wp\/v2\/pages"}],"about":[{"href":"https:\/\/www.riberarun.com\/en\/wp-json\/wp\/v2\/types\/page"}],"author":[{"embeddable":true,"href":"https:\/\/www.riberarun.com\/en\/wp-json\/wp\/v2\/users\/1"}],"replies":[{"embeddable":true,"href":"https:\/\/www.riberarun.com\/en\/wp-json\/wp\/v2\/comments?post=612"}],"version-history":[{"count":0,"href":"https:\/\/www.riberarun.com\/en\/wp-json\/wp\/v2\/pages\/612\/revisions"}],"wp:attachment":[{"href":"https:\/\/www.riberarun.com\/en\/wp-json\/wp\/v2\/media?parent=612"}],"curies":[{"name":"wp","href":"https:\/\/api.w.org\/{rel}","templated":true}]}}