{"id":712,"date":"2020-01-09T10:59:13","date_gmt":"2020-01-09T09:59:13","guid":{"rendered":"https:\/\/www.riberarun.com\/races\/reglamento\/"},"modified":"2025-07-15T07:14:39","modified_gmt":"2025-07-15T05:14:39","slug":"reglamento","status":"publish","type":"page","link":"https:\/\/www.riberarun.com\/en\/races\/reglamento\/","title":{"rendered":"Reglamento"},"content":{"rendered":"\t\t<div data-elementor-type=\"wp-page\" data-elementor-id=\"712\" class=\"elementor elementor-712 elementor-38\" data-elementor-post-type=\"page\">\n\t\t\t\t\t\t<section class=\"elementor-section elementor-top-section elementor-element elementor-element-2b0d12d elementor-section-content-space-evenly elementor-section-boxed elementor-section-height-default elementor-section-height-default\" data-id=\"2b0d12d\" data-element_type=\"section\" data-e-type=\"section\" data-settings=\"{&quot;background_background&quot;:&quot;classic&quot;,&quot;background_image&quot;:{&quot;url&quot;:&quot;https:\\\/\\\/www.riberarun.com\\\/wp-content\\\/uploads\\\/2020\\\/01\\\/reglamento_cabecera.jpg&quot;,&quot;id&quot;:458,&quot;size&quot;:&quot;&quot;},&quot;shape_divider_top&quot;:&quot;opacity-tilt&quot;,&quot;shape_divider_bottom&quot;:&quot;opacity-tilt&quot;}\">\n\t\t\t\t\t<div class=\"elementor-shape elementor-shape-top\" aria-hidden=\"true\" data-negative=\"false\">\n\t\t\t<svg xmlns=\"http:\/\/www.w3.org\/2000\/svg\" viewBox=\"0 0 2600 131.1\" preserveAspectRatio=\"none\">\n\t<path class=\"elementor-shape-fill\" d=\"M0 0L2600 0 2600 69.1 0 0z\"\/>\n\t<path class=\"elementor-shape-fill\" style=\"opacity:0.5\" d=\"M0 0L2600 0 2600 69.1 0 69.1z\"\/>\n\t<path class=\"elementor-shape-fill\" style=\"opacity:0.25\" d=\"M2600 0L0 0 0 130.1 2600 69.1z\"\/>\n<\/svg>\t\t<\/div>\n\t\t\t\t<div class=\"elementor-shape elementor-shape-bottom\" aria-hidden=\"true\" data-negative=\"false\">\n\t\t\t<svg xmlns=\"http:\/\/www.w3.org\/2000\/svg\" viewBox=\"0 0 2600 131.1\" preserveAspectRatio=\"none\">\n\t<path class=\"elementor-shape-fill\" d=\"M0 0L2600 0 2600 69.1 0 0z\"\/>\n\t<path class=\"elementor-shape-fill\" style=\"opacity:0.5\" d=\"M0 0L2600 0 2600 69.1 0 69.1z\"\/>\n\t<path class=\"elementor-shape-fill\" style=\"opacity:0.25\" d=\"M2600 0L0 0 0 130.1 2600 69.1z\"\/>\n<\/svg>\t\t<\/div>\n\t\t\t\t\t<div class=\"elementor-container elementor-column-gap-default\">\n\t\t\t\t\t<div class=\"elementor-column elementor-col-100 elementor-top-column elementor-element elementor-element-dfd78b5\" data-id=\"dfd78b5\" data-element_type=\"column\" data-e-type=\"column\">\n\t\t\t<div class=\"elementor-widget-wrap elementor-element-populated\">\n\t\t\t\t\t\t<div class=\"elementor-element elementor-element-8876a1a elementor-view-framed elementor-shape-circle elementor-invisible elementor-widget elementor-widget-icon\" data-id=\"8876a1a\" data-element_type=\"widget\" data-e-type=\"widget\" data-settings=\"{&quot;_animation&quot;:&quot;fadeInUp&quot;}\" data-widget_type=\"icon.default\">\n\t\t\t\t<div class=\"elementor-widget-container\">\n\t\t\t\t\t\t\t<div class=\"elementor-icon-wrapper\">\n\t\t\t<div class=\"elementor-icon\">\n\t\t\t<svg aria-hidden=\"true\" class=\"e-font-icon-svg e-fas-clipboard-check\" viewBox=\"0 0 384 512\" xmlns=\"http:\/\/www.w3.org\/2000\/svg\"><path d=\"M336 64h-80c0-35.3-28.7-64-64-64s-64 28.7-64 64H48C21.5 64 0 85.5 0 112v352c0 26.5 21.5 48 48 48h288c26.5 0 48-21.5 48-48V112c0-26.5-21.5-48-48-48zM192 40c13.3 0 24 10.7 24 24s-10.7 24-24 24-24-10.7-24-24 10.7-24 24-24zm121.2 231.8l-143 141.8c-4.7 4.7-12.3 4.6-17-.1l-82.6-83.3c-4.7-4.7-4.6-12.3.1-17L99.1 285c4.7-4.7 12.3-4.6 17 .1l46 46.4 106-105.2c4.7-4.7 12.3-4.6 17 .1l28.2 28.4c4.7 4.8 4.6 12.3-.1 17z\"><\/path><\/svg>\t\t\t<\/div>\n\t\t<\/div>\n\t\t\t\t\t\t<\/div>\n\t\t\t\t<\/div>\n\t\t\t\t<div class=\"elementor-element elementor-element-4160b39 uael-heading-align-center elementor-invisible elementor-widget elementor-widget-uael-advanced-heading\" data-id=\"4160b39\" data-element_type=\"widget\" data-e-type=\"widget\" data-settings=\"{&quot;_animation&quot;:&quot;fadeInUp&quot;}\" data-widget_type=\"uael-advanced-heading.default\">\n\t\t\t\t<div class=\"elementor-widget-container\">\n\t\t\t\t\t\n\t\t<div class=\"uael-module-content uael-heading-wrapper\">\n\t\t\t\t\t\t\n\t\t\t<h1 class=\"uael-heading\">\n\t\t\t\t\t\t\t\t\t\t<span class=\"uael-heading-text elementor-inline-editing uael-size--default\" data-elementor-setting-key=\"heading_title\" data-elementor-inline-editing-toolbar=\"basic\">REGLAMENTO<\/span>\n\t\t\t\t\t\t\t<\/h1>\n\n\t\t\t\n\t\t\t\n\t\t\t\n\t\t\t\t\t\t<\/div>\n\t\t\t\t\t\t<\/div>\n\t\t\t\t<\/div>\n\t\t\t\t\t<\/div>\n\t\t<\/div>\n\t\t\t\t\t<\/div>\n\t\t<\/section>\n\t\t\t\t<section class=\"elementor-section elementor-top-section elementor-element elementor-element-fa89e69 elementor-section-boxed elementor-section-height-default elementor-section-height-default\" data-id=\"fa89e69\" data-element_type=\"section\" data-e-type=\"section\">\n\t\t\t\t\t\t<div class=\"elementor-container elementor-column-gap-default\">\n\t\t\t\t\t<div class=\"elementor-column elementor-col-100 elementor-top-column elementor-element elementor-element-4e8ad9b\" data-id=\"4e8ad9b\" data-element_type=\"column\" data-e-type=\"column\">\n\t\t\t<div class=\"elementor-widget-wrap elementor-element-populated\">\n\t\t\t\t\t\t<div class=\"elementor-element elementor-element-19546f4 elementor-widget elementor-widget-text-editor\" data-id=\"19546f4\" data-element_type=\"widget\" data-e-type=\"widget\" data-widget_type=\"text-editor.default\">\n\t\t\t\t<div class=\"elementor-widget-container\">\n\t\t\t\t\t\t\t\t\t<p>These regulations shall be strictly enforced for all participants of the event called RIBERA RUN EXPERIENCE 2025. Any incident not included in it will be resolved by the RIBERA RUN EXPERIENCE Jury, the Sports Director of the test, a Member of the Organization and a representative of the runners.<\/p><h2>Art.1.- ORGANIZATION<\/h2><p>Check the regulations of the Ribera Run Experience %currentyear%<\/p><h2>Art.2.- TESTS<\/h2><h3>RIBERA RUN<\/h3><p>The RIBERA RUN is a running sports experience that will run between Bodega de Carramimbre and Pe\u00f1afiel over a distance of 30 kilometers.<\/p><p>The RIBERA RUN will take place on Saturday, September 13, 2025 in the city of Pe\u00f1afiel, Valladolid. The test will start at 9:00 a.m. from the Carramimbre Winery. The finish line is located in the Plaza del Coso de Pe\u00f1afiel and will be open until 15:00h.<\/p><h3>RIBERA RUN MEDIA<\/h3><p>The RIBERA RUN MEDIA is a modality of the RIBERA RUN with lower physical demands that will take place between the Emilio Moro Wineries located in the municipality of Pesquera de Duero and Pe\u00f1afiel, the goal taking place in the Plaza del Coso de Pe\u00f1afiel. The RIBERA RUN MEDIA will take place on Saturday, September 13, 2025 with a distance of 17 kilometers.<span class=\"Apple-converted-space\"> <\/span><\/p><p>The start of the test is at 11:00 a.m. at Bodegas Emilio Moro.<span class=\"Apple-converted-space\"> <\/span><\/p><p>The finish line is located in the Plaza del Coso de Pe\u00f1afiel and will be open until 15:00h.<\/p><p>Para aquellos corredores que quieran disfrutar del recorrido a su ritmo y sin agobios, Ribera Run Media ofrece la posibilidad de hacer todo el recorrido en modalidad senderista.<\/p><p>Walkers will start at 10:00 am and the finish line will be open until 3:00 pm. <\/p><h3>RIBERA RUN PROMO<\/h3><p>The RIBERA RUN PROMO is a popular and festive modality of the RIBERA RUN of 7 kilometers that will run with departure on Saturday September 13, 2025 at 13:00h in the facilities of the Bodega Vinos de La Luz (M\u00e9lida) and the Plaza del Coso de Pe\u00f1afiel where the finish line will be located, open until 15:00h.<\/p><h2>Art.3.- COMPORTAMIENTO DEPORTIVO Y RESPETO AL MEDIOAMBIENTE<\/h2><p>RIBERA RUN EXPERIENCE se celebra con respeto absoluto al medio ambiente.<\/p><p>Los participantes deber\u00e1n respetar el medio en el que se realiza la prueba y mantener limpio el entorno de la misma. Para ello deber\u00e1n comer y beber SIN DEJAR NING\u00daN ENVASE FUERA DE LOS CONTENEDORES habilitados para tal uso.<\/p><p>FAILURE TO COMPLY WITH THIS POINT WILL RESULT IN IMMEDIATE DISQUALIFICATION OF THE RACER, who may be disqualified.<\/p><p>Through a simple testimony of any member of the organizational team of the Race.<\/p><p>Ser\u00e1n descalificados de la competici\u00f3n, los participantes que muestren actitudes violentas o arrojen basura en la naturaleza. Siendo obligatorio respetar los cultivos, el ganado y la propiedad privada en general.<\/p><p>Los participantes ser\u00e1n responsables de los da\u00f1os ocasionados como consecuencia de este tipo de comportamientos.<\/p><p>Est\u00e1 totalmente prohibido recibir ayuda externa o avituallamiento durante el desarrollo de la prueba fuera de los puntos dispuestos por la Organizaci\u00f3n: estos coincidir\u00e1n con los avituallamientos oficiales de la carrera.<\/p><h2>Art.4.- PARTICIPACI\u00d3N E INSCRIPCI\u00d3N<\/h2><p>La participaci\u00f3n en RIBERA RUN EXPERIENCE implica ser mayor de edad en el d\u00eda de la celebraci\u00f3n de la prueba.<span class=\"Apple-converted-space\"> <\/span><\/p><p>La participaci\u00f3n estar\u00e1 abierta a todas aquellas personas que formalicen correctamente tanto la INSCRIPCI\u00d3N como el pago estipulado para las carreras.<\/p><p>La inscripci\u00f3n a RIBERA RUN EXPERIENCE implica la aceptaci\u00f3n de las normas y la adecuada preparaci\u00f3n del participante para la prueba, siendo este consciente de las condiciones geogr\u00e1ficas y meteorol\u00f3gicas que se puede encontrar en el entorno donde se disputa el evento. In this sense, the participant exempts the Organization from possible health problems that may arise from their participation in RIBERA RUN EXPERIENCE.<\/p><p>Los corredores inscritos a la prueba entienden que participan voluntariamente y bajo su propia responsabilidad en el evento, y por lo tanto, exoneran de toda responsabilidad a la Organizaci\u00f3n de la prueba, y convienen en no denunciar a la entidad organizadora, colaboradores, patrocinadores y otros participantes; as\u00ed como tampoco iniciar ninguna reclamaci\u00f3n de responsabilidad civil hacia las partes citadas.<\/p><h2>Art. 5.- DEVOLUCION DE LA INSCRIPCI\u00d3N<\/h2><p>Todos los participantes tendr\u00e1n el derecho de anular su inscripci\u00f3n y recibir la devoluci\u00f3n del 75% del importe, \u00fanicamente en caso de lesi\u00f3n o enfermedad que les imposibilite realizar la carrera en la fecha estipulada.<span class=\"Apple-converted-space\"> <\/span><\/p><p>Only returns for cancellation sent before September 1, 2025 will be accepted.<\/p><p>Para que sea admitida la anulaci\u00f3n se deber\u00e1 adjuntar el justificante m\u00e9dico que demuestre la incapacidad para realizar la prueba en la fecha estipulada.<\/p><p>All returns will be made within 30 days of the date of acceptance of the request.<\/p><p>Una vez realizada la solicitud de baja, la plaza pasa a disposici\u00f3n de la Organizaci\u00f3n, quien la ceder\u00e1 al candidato que ocupe la primera posici\u00f3n en la lista de espera en aquel momento.<\/p><h2>Art.6.- DORSALES<\/h2><p>The race bibs and runner&#8217;s bag can only be picked up at the designated pick up areas on Friday, September 12, 2025 from 18:00 to 21:00h. at the hotel AZZ Pe\u00f1afiel Las Claras ****, Plaza Adolfo Mu\u00f1oz Alonso, s\/n., 47300 Pe\u00f1afiel, Valladolid, and on Saturday, September 13 from 7:30 am to 10:00 am at the hotel AZZ Pe\u00f1afiel Las Claras ****, Plaza Adolfo Mu\u00f1oz Alonso, s\/n., 47300 Pe\u00f1afiel, Valladolid. Ribera Run Promo bibs can also be picked up on Friday, September 12, 2025 from 18:00 to 21:00h at hotel AZZ Pe\u00f1afiel Las Claras ****, Plaza Adolfo Mu\u00f1oz Alonso, s\/n., 47300 Pe\u00f1afiel, Valladolid, and on Saturday, September 13 from 11:00h to 12:30h at Plaza del Coso.  <\/p><p>El participante estar\u00e1 obligado a llevar el dorsal durante toda la prueba, siempre en la parte frontal del cuerpo, de forma totalmente visible y por encima de la ropa. Queda terminantemente prohibido doblar, recortar o manipular el dorsal.<\/p><p>Cada dorsal ser\u00e1 personal e intransferible. El dorsal tiene que ser recogido por el titular o por un tercero siempre y cuando presente autorizaci\u00f3n expresa del titular y fotocopia del DNI y\/o pasaporte.<\/p><p>Once the participant has been identified by means of an ID card or passport, the personnel will place a single-use identification bracelet on the participant&#8217;s wrist, which must be worn throughout the race, as it gives the wearer (together with the bib) access to all the services provided for the participants: start area, refreshment posts, transport for retirees, medical services, collection of race bag, etc.<\/p><p>No llevar puesta la pulsera durante la prueba invalidar\u00e1 el dorsal.<\/p><p>A cada participante se le asignar\u00e1 un n\u00famero de dorsal que ser\u00e1 determinado de forma aleatoria en todos los casos, excepto para los primeros n\u00fameros que ser\u00e1n determinados por la Organizaci\u00f3n.<\/p><h2>Art.7.- MATERIAL T\u00c9CNICO RECOMENDADO<\/h2><p>La organizaci\u00f3n recomienda a los corredores de la RIBERA RUN EXPERIENCE llevar el siguiente material para poder realizar la prueba:<\/p><ul><li>Tel\u00e9fono m\u00f3vil con bater\u00eda cargada.<\/li><li>Vaso o recipiente para avituallamiento l\u00edquido: en los avituallamientos no se facilitar\u00e1n vasos para la reposici\u00f3n de l\u00edquidos.<span class=\"Apple-converted-space\"> <\/span><\/li><li>Containers and\/or watertight bags for liquids: With a minimum total capacity of 0.5L.<\/li><li>Gafas de sol.<\/li><li>Sunscreen: total protection.<\/li><li>Electrolitos y\/o sales minerales.<\/li><li>Reserva alimentaria: barritas, geles, fruta\u2026<\/li><li>Backpack appropriate to the volume of the material and pace of the race.<\/li><\/ul><h2>Art.8.- PUNTOS DE CONTROL, AVITUALLAMIENTOS Y ASISTENCIA<\/h2><p>El itinerario de la carrera estar\u00e1 se\u00f1alizado con cinta balizadora y se\u00f1al\u00e9tica espec\u00edfica creada para la prueba. El rut\u00f3metro de la misma estar\u00e1 publicado en la p\u00e1gina web oficial de la carrera. Cualquier cambio o modificaci\u00f3n en el mismo se har\u00e1 p\u00fablico por los mismos medios.<\/p><p>Each participant must follow the entire marked route, without skipping the signs and passing through all the checkpoints.<span class=\"Apple-converted-space\"> <\/span><\/p><p>Est\u00e1 totalmente prohibido recibir ayuda externa o avituallamiento durante el desarrollo de la prueba fuera de los puntos dispuestos por la Organizaci\u00f3n: \u00e9stos coincidir\u00e1n con los avituallamientos oficiales de la carrera. De igual manera, est\u00e1 prohibido ir acompa\u00f1ado de otras personas que no sean participantes inscritos en la prueba.<span class=\"Apple-converted-space\"> <\/span><\/p><p>En cada punto de avituallamiento habr\u00e1 una hora de cierre determinada, siendo requisito indispensable salir del mismo antes de la hora de cierre establecida para poder seguir en la prueba.<\/p><p>Cada avituallamiento dispondr\u00e1 de alimentos y bebidas que variar\u00e1n en funci\u00f3n del kil\u00f3metro donde se encuentre. Los alimentos y bebidas deber\u00e1n ser consumidos en el avituallamiento mismo en cantidad suficiente para garantizar reservas energ\u00e9ticas para poder llegar al pr\u00f3ximo, exceptuando el agua que tambi\u00e9n se podr\u00e1 cargar en los tanques y dep\u00f3sitos que lleve el corredor.<\/p><p>Para utilizar el avituallamiento ser\u00e1 requisito imprescindible llevar puestos la pulsera y el dorsal.<\/p><h2>Art.10.- VEH\u00cdCULOS AUTORIZADOS<\/h2><p>Los \u00fanicos veh\u00edculos que podr\u00e1n seguir la prueba, ser\u00e1n los acreditados por la Organizaci\u00f3n. Queda totalmente prohibido seguir a los corredores en cualquier tipo de veh\u00edculo a motor, de tracci\u00f3n animal o sobre ruedas (patines, bicicletas, etc\u2026), teniendo orden expresa la Polic\u00eda Local de retirarlos del circuito.<\/p><h2>Art.11.- ASISTENCIA M\u00c9DICA Y EMERGENCIAS<\/h2><p>Durante toda la prueba habr\u00e1 varios equipos m\u00e9dicos y de seguridad que estar\u00e1n coordinados con el 112 por la direcci\u00f3n central de RIBERA RUN EXPERIENCE.<\/p><p>All runners will submit to the doctor&#8217;s judgment whenever requested by the doctor, being the assessment of the medical team the one that prevails over any other, so the doctors may:<\/p><ul><li>Eliminar de la prueba (anulando el dorsal) a todo corredor que consideren no apto para continuar.<\/li><li>Ordenar la evacuaci\u00f3n de cualquier corredor a quien consideren en peligro.<\/li><li>Order the hospitalization of any runner when deemed necessary.<\/li><\/ul><h2>Art.12.- ABANDONOS<\/h2><p>Los abandonos deber\u00e1n realizarse en los puntos de control. Si por causa de accidente o lesi\u00f3n el corredor queda inmovilizado y no puede llegar hasta un punto de control, activar\u00e1 el operativo de rescate contactando telef\u00f3nicamente con la organizaci\u00f3n mediante el tel\u00e9fono m\u00f3vil de emergencia.<\/p><p>Una vez en el avituallamiento, el corredor comunicar\u00e1 su voluntad de abandonar la prueba al responsable del avituallamiento para que este le anule el dorsal y le identifique como retirado.<\/p><p>Hay que tener en cuenta que \u00fanicamente en los avituallamientos, indicados como puntos con CONTROL DE RETIRADA, existir\u00e1n medios de transporte para evacuar a los corredores que abandonen.<\/p><p>En caso de que el corredor retirado opte por regresar con medios propios, deber\u00e1 informar igualmente de su abandono al responsable del avituallamiento para que este le anule el dorsal y le identifique como retirado, ya que si no la Organizaci\u00f3n lo dar\u00e1 por extraviado y activar\u00e1 la alarma de rescate.<\/p><h2>Art.13.- MODIFICACI\u00d3N DEL RECORRIDO O SUSPENSI\u00d3N DE LAPRUEBA<\/h2><p>In case of bad weather conditions or causes of force majeure, the Organization reserves the right to suspend, neutralize or modify the time slots and\/or the course of the test.<\/p><h2>Art.14.- PENALIZACIONES Y DESCALIFICACIONES<\/h2><p>La direcci\u00f3n de carrera, as\u00ed como cualquier miembro de la Organizaci\u00f3n, vigilar\u00e1n la aplicaci\u00f3n del Reglamento y est\u00e1n habilitados para aplicar de manera inmediata las penalizaciones o descalificaciones siguientes:<span class=\"Apple-converted-space\"> <\/span><\/p><h3>DESCRIPCI\u00d3N DE LA FALTA<span class=\"Apple-converted-space\"> <\/span><\/h3><ul><li>Salida del recorrido marcado aunque no represente un atajo importante, pero que se efect\u00fae fuera del itinerario balizado. Penalty 5 min.<\/li><li>Salida del recorrido marcado representando un atajo importante. Penalizaci\u00f3n 30 min, 1er aviso. Descalificaci\u00f3n 2\u00ba aviso.<\/li><li>Acompa\u00f1amiento por una persona no inscrita en la carrera y no autorizada previamente por la Organizaci\u00f3n. Penalizaci\u00f3n 30 min, 1er aviso. Descalificaci\u00f3n 2\u00ba aviso.<\/li><li>Run with someone else&#8217;s number. Descalificaci\u00f3n y prohibici\u00f3n a participar en futuras ediciones.<\/li><li>Running as a minor at an unauthorized distance. Descalificaci\u00f3n.<\/li><li>Asistencia individual fuera del radio de un avituallamiento. Penalizaci\u00f3n 15 min, 1er aviso. Descalificaci\u00f3n 2\u00ba aviso.<\/li><li>Tirar desperdicios durante el recorrido. Descalificaci\u00f3n.<\/li><li>No asistencia a una persona en dificultad (herida, gran agotamiento, hipotermia \u2026) Descalificaci\u00f3n y prohibici\u00f3n a participar en futuras ediciones.<\/li><li>No pasar un Punto de Control. Descalificaci\u00f3n.<\/li><li>Negarse a someterse a un control m\u00e9dico o a un control de material. Descalificaci\u00f3n.<\/li><li>Quitar o cambiar las marcas puestas por la organizaci\u00f3n. Descalificaci\u00f3n y prohibici\u00f3n a participar en futuras ediciones.<\/li><li>Utilizaci\u00f3n de un medio de transporte. Pasar el dorsal a otro corredor. Descalificaci\u00f3n y prohibici\u00f3n a participar en futuras ediciones.<span class=\"Apple-converted-space\"> <\/span><\/li><li>Abandono de la carrera sin avisar la organizaci\u00f3n. Descalificaci\u00f3n.<\/li><li>No realizar la totalidad del recorrido a pie por el lugar marcado por la organizaci\u00f3n. Descalificaci\u00f3n.<\/li><li>No llevar el dorsal en la parte delantera de la ropa y en lugar visible. Warning and disqualification if the runner persists in his attitude.<\/li><li>Invertir m\u00e1s tiempo del establecido por la organizaci\u00f3n en completar la totalidad del recorrido, as\u00ed como sobrepasar los tiempos m\u00e1ximos parciales establecidos por tramo. Declassification.<span class=\"Apple-converted-space\"> <\/span><\/li><\/ul><h2>Art.15.- CATEGOR\u00cdAS, CLASIFICACIONES Y TROFEOS<\/h2><p>Las categor\u00edas establecidas para RIBERA RUN EXPERIENCE ser\u00e1n las siguientes:<\/p><ul><li>ABSOLUTA MASCULINA (18 a\u00f1os en adelante. Cumplidos los 18 a\u00f1os antes de la celebraci\u00f3n de la prueba).<span class=\"Apple-converted-space\">  <\/span>ABSOLUTA FEMENINA (18 a\u00f1os en adelante. Cumplidos los 18 a\u00f1os antes de la celebraci\u00f3n de la prueba).<\/li><li>PROMESAS MASCULINO (18 a\u00f1os a 23 a\u00f1os, que no cumplan los 24 a\u00f1os el a\u00f1o de referencia).<span class=\"Apple-converted-space\">  <\/span>PROMESAS FEMENINO (18 a\u00f1os a 23 a\u00f1os, que no cumplan los 24 a\u00f1os el a\u00f1o de referencia).<\/li><li>SENIOR MASCULINO (24 a\u00f1os a 39 a\u00f1os. Cumplidos el a\u00f1o de la competici\u00f3n).<span class=\"Apple-converted-space\">  <\/span>SENIOR FEMENINO (24 a\u00f1os a 39 a\u00f1os. Cumplidos el a\u00f1o de la competici\u00f3n).<\/li><li>VETERANOS MASCULINA (De 40 a 50 a\u00f1os. Cumplidos el a\u00f1o de la competici\u00f3n).<span class=\"Apple-converted-space\">  <\/span>VETERANOS FEMENINA (De 40 a 50 a\u00f1os. Cumplidos el a\u00f1o de la competici\u00f3n).<\/li><li>MASTER MALE (51 years and older.)<span class=\"Apple-converted-space\">  <\/span>MASTER FEMALE (51 years and older).<\/li><li>CLUBES\/EQUIPOS.<\/li><li>PREMIO LOCAL PE\u00d1AFIEL.<\/li><\/ul><p>En la modalidad RIBERA RUN y RR MEDIA se otorgar\u00e1n trofeo a los tres primeros clasificados de la categor\u00eda absoluta masculina y femenina y al primero de cada subcategor\u00eda establecida, tanto masculino como femenino.<\/p><p>In the RR PROMO modality, only the first three of the men&#8217;s absolute category and the first three of the women&#8217;s absolute category will have a prize.<\/p><p>Los premios NO SON ACUMULATIVOS.<\/p><p>Se otorgar\u00e1 trofeo al primer club\/equipo clasificado, para ello se sumar\u00e1n los tiempos de los 3 mejores corredores de cada club, en caso de empate entre varios clubes prevalecer\u00e1 la mejor posici\u00f3n del primer corredor del club. Para optar a esta clasificaci\u00f3n, los corredores deber\u00e1n realizar la inscripci\u00f3n reflejando el nombre de su club.<\/p><p>La no presencia en el acto de entrega de trofeos, se entender\u00e1 como renuncia a los trofeos o premios conseguidos. Toda delegaci\u00f3n en otra persona para la recogida de los trofeos y premios, deber\u00e1 ser conocida y autorizada por la Organizaci\u00f3n al menos con 3 horas de antelaci\u00f3n a la entrega.<\/p><h2>Art.16.- DERECHOS DE IMAGEN<\/h2><p>The acceptance of this Regulation obligatorily implies that the participant authorizes Deparunner, S.L. to take photographs and film their participation in any of the modalities of RIBERA RUN EXPERIENCE, and gives them his consent to its dissemination, commercial and advertising exploitation of all the images taken during the RIBERA RUN EXPERIENCE, in which it is clearly identifiable without the right on the part of the runner to receive any economic compensation, Deparunner, S.L. reserves the exclusive right on the image of the RIBERA RUN EXPERIENCE, as well as the audiovisual, photographic and journalistic exploitation of the competition. Cualquier proyecto medi\u00e1tico o publicitario deber\u00e1 contar previamente con el consentimiento expreso y por escrito de la Organizaci\u00f3n. En caso contrario, se emprender\u00e1n cuantas acciones legales se estimen pertinentes.<\/p><h2>Art.17.- PROTECCI\u00d3N DE DATOS<\/h2><p>En cumplimiento con lo establecido en la Ley Org\u00e1nica 15\/1999 de 13 de diciembre, de Protecci\u00f3n de Datos de Car\u00e1cter Personal, informamos a los participantes que sus datos personales pasar\u00e1n a formar parte de un fichero llamado \u201cParticipantes Eventos Deportivos\u201d, titularidad de la entidad Deparunner, S.L. con la finalidad de gestionar la organizaci\u00f3n, realizaci\u00f3n y difusi\u00f3n de los eventos deportivos, la publicaci\u00f3n de las clasificaciones, as\u00ed como la seguridad de sus participantes. Los destinatarios de estos datos son la propia entidad. El participante es responsable de la veracidad y correcci\u00f3n de los datos facilitados y tiene la facultad de ejercer sus derechos de acceso, rectificaci\u00f3n, cancelaci\u00f3n y oposici\u00f3n de sus datos en el \u00e1mbito reconocido por la Ley Org\u00e1nica 15\/99 de 13 de diciembre. To exercise them, you must write to Deparunner, S.L. at <a href=\"mailto:comunicacion@deparunner.com\">comunicacion@deparunner.com<\/a>.<\/p>\t\t\t\t\t\t\t\t<\/div>\n\t\t\t\t<\/div>\n\t\t\t\t\t<\/div>\n\t\t<\/div>\n\t\t\t\t\t<\/div>\n\t\t<\/section>\n\t\t\t\t<\/div>\n\t\t","protected":false},"excerpt":{"rendered":"<p>REGLAMENTO These regulations shall be strictly enforced for all participants of the event called RIBERA RUN EXPERIENCE 2025. Any incident not included in it will be resolved by the RIBERA RUN EXPERIENCE Jury, the Sports Director of the test, a Member of the Organization and a representative of the runners. Art.1.- ORGANIZATION Check the regulations [&hellip;]<\/p>\n","protected":false},"author":1,"featured_media":541,"parent":581,"menu_order":6,"comment_status":"closed","ping_status":"closed","template":"elementor_header_footer","meta":{"footnotes":""},"class_list":["post-712","page","type-page","status-publish","has-post-thumbnail","hentry"],"_links":{"self":[{"href":"https:\/\/www.riberarun.com\/en\/wp-json\/wp\/v2\/pages\/712","targetHints":{"allow":["GET"]}}],"collection":[{"href":"https:\/\/www.riberarun.com\/en\/wp-json\/wp\/v2\/pages"}],"about":[{"href":"https:\/\/www.riberarun.com\/en\/wp-json\/wp\/v2\/types\/page"}],"author":[{"embeddable":true,"href":"https:\/\/www.riberarun.com\/en\/wp-json\/wp\/v2\/users\/1"}],"replies":[{"embeddable":true,"href":"https:\/\/www.riberarun.com\/en\/wp-json\/wp\/v2\/comments?post=712"}],"version-history":[{"count":15,"href":"https:\/\/www.riberarun.com\/en\/wp-json\/wp\/v2\/pages\/712\/revisions"}],"predecessor-version":[{"id":2416,"href":"https:\/\/www.riberarun.com\/en\/wp-json\/wp\/v2\/pages\/712\/revisions\/2416"}],"up":[{"embeddable":true,"href":"https:\/\/www.riberarun.com\/en\/wp-json\/wp\/v2\/pages\/581"}],"wp:featuredmedia":[{"embeddable":true,"href":"https:\/\/www.riberarun.com\/en\/wp-json\/wp\/v2\/media\/541"}],"wp:attachment":[{"href":"https:\/\/www.riberarun.com\/en\/wp-json\/wp\/v2\/media?parent=712"}],"curies":[{"name":"wp","href":"https:\/\/api.w.org\/{rel}","templated":true}]}}